{"id":45,"date":"2021-07-08T09:42:04","date_gmt":"2021-07-08T12:42:04","guid":{"rendered":"http:\/\/advancembalagens.com.br\/?page_id=45"},"modified":"2022-08-24T10:06:55","modified_gmt":"2022-08-24T13:06:55","slug":"qualidade","status":"publish","type":"page","link":"https:\/\/www.advancembalagens.com.br\/index.php\/qualidade\/","title":{"rendered":""},"content":{"rendered":"\n<p><\/p>\n\n\n\n<p><strong><mark style=\"background-color:rgba(0, 0, 0, 0)\" class=\"has-inline-color has-accent-1-color\">POL\u00cdTICA DA QUALIDADE<\/mark><\/strong><br><\/p>\n\n\n\n<p>Para a&nbsp;<strong>Advance Embalagens<\/strong>, o conceito de qualidade \u00e9 antecipar-se \u00e0s necessidades do seu cliente e ser pr\u00f3-ativo tendo em mente a estrutura e o foco dos neg\u00f3cios desse cliente.<\/p>\n\n\n\n<p>Para alinhar-nos com esta cren\u00e7a, estamos certificados pela <strong><mark style=\"background-color:rgba(0, 0, 0, 0)\" class=\"has-inline-color has-accent-2-color\">ISO 9001:2015<\/mark><\/strong> para dar suporte \u00e0\u00a0<strong><mark style=\"background-color:rgba(0, 0, 0, 0)\" class=\"has-inline-color has-accent-2-color\">Qualidade Total<\/mark><\/strong>\u00a0de nossos produtos e servi\u00e7os.<\/p>\n\n\n\n<p>Assegurando elevados padr\u00f5es de qualidade, efici\u00eancia, desempenho, competitividade demonstrando nossa real preocupa\u00e7\u00e3o com o meio ambiente e sua preserva\u00e7\u00e3o.<\/p>\n\n\n\n<p>Qualidade no atendimento, mat\u00e9ria-prima, produto acabado, pontualidade na entrega, excel\u00eancia no custo beneficio s\u00e3o quesitos que consideramos nossa obriga\u00e7\u00e3o.<\/p>\n\n\n\n<p>Entretanto, por estarmos constantemente atentos para a realidade do mercado consumidor dos nossos produtos, procuramos:<\/p>\n\n\n\n<ul class=\"wp-block-list\"><li>Manter nos departamentos de qualidade e desenvolvimento profissionais treinados e qualificados para o pronto atendimento de nossos clientes.<\/li><\/ul>\n\n\n\n<ul class=\"wp-block-list\"><li>&nbsp;Promover a consci\u00eancia ambiental, utilizar material reciclado, em total conson\u00e2ncia com a prote\u00e7\u00e3o dos recursos naturais do ambiente em que vivemos.<\/li><\/ul>\n\n\n\n<ul class=\"wp-block-list\"><li>Promover o atendimento p\u00f3s-venda como fator fundamental para conhecer a satisfa\u00e7\u00e3o de nossos clientes.<\/li><\/ul>\n\n\n<ul>\n<li>Ser \u00e1gil na solu\u00e7\u00e3o das solicita\u00e7\u00f5es e\/ou informa\u00e7\u00f5es t\u00e9cnicas.<\/li>\n<li>Manter laborat\u00f3rio pr\u00f3prio equipado com instrumentos de precis\u00e3o para testes e procedimentos, a fim de adequar a mat\u00e9ria-prima ao processo de fabrica\u00e7\u00e3o.<\/li>\n<\/ul>\n\n\n<p><\/p>\n\n\n\n<p><\/p>\n\n\n\n<p><\/p>\n","protected":false},"excerpt":{"rendered":"<p>POL\u00cdTICA DA QUALIDADE Para a&nbsp;Advance Embalagens, o conceito de qualidade \u00e9 antecipar-se \u00e0s necessidades do seu cliente e ser pr\u00f3-ativo tendo em mente a estrutura<span class=\"excerpt-fade\"><\/span><\/p>\n","protected":false},"author":1,"featured_media":0,"parent":0,"menu_order":0,"comment_status":"closed","ping_status":"closed","template":"","meta":{"footnotes":""},"class_list":["post-45","page","type-page","status-publish","hentry"],"featured_media_urls":[],"_links":{"self":[{"href":"https:\/\/www.advancembalagens.com.br\/index.php\/wp-json\/wp\/v2\/pages\/45","targetHints":{"allow":["GET"]}}],"collection":[{"href":"https:\/\/www.advancembalagens.com.br\/index.php\/wp-json\/wp\/v2\/pages"}],"about":[{"href":"https:\/\/www.advancembalagens.com.br\/index.php\/wp-json\/wp\/v2\/types\/page"}],"author":[{"embeddable":true,"href":"https:\/\/www.advancembalagens.com.br\/index.php\/wp-json\/wp\/v2\/users\/1"}],"replies":[{"embeddable":true,"href":"https:\/\/www.advancembalagens.com.br\/index.php\/wp-json\/wp\/v2\/comments?post=45"}],"version-history":[{"count":17,"href":"https:\/\/www.advancembalagens.com.br\/index.php\/wp-json\/wp\/v2\/pages\/45\/revisions"}],"predecessor-version":[{"id":946,"href":"https:\/\/www.advancembalagens.com.br\/index.php\/wp-json\/wp\/v2\/pages\/45\/revisions\/946"}],"wp:attachment":[{"href":"https:\/\/www.advancembalagens.com.br\/index.php\/wp-json\/wp\/v2\/media?parent=45"}],"curies":[{"name":"wp","href":"https:\/\/api.w.org\/{rel}","templated":true}]}}