{"id":39,"date":"2021-07-08T09:38:27","date_gmt":"2021-07-08T12:38:27","guid":{"rendered":"http:\/\/advancembalagens.com.br\/?page_id=39"},"modified":"2022-08-24T09:09:17","modified_gmt":"2022-08-24T12:09:17","slug":"meio-ambiente-2","status":"publish","type":"page","link":"https:\/\/www.advancembalagens.com.br\/index.php\/meio-ambiente-2\/","title":{"rendered":""},"content":{"rendered":"\n<p><\/p>\n\n\n\n<p><strong><mark style=\"background-color:rgba(0, 0, 0, 0)\" class=\"has-inline-color has-accent-1-color\">MEIO AMBIENTE<\/mark><\/strong><\/p>\n\n\n\n<p>Hoje, empresas e consumidores devem se preocupar com o que est\u00e3o comprando e\u00a0 com o descarte dos materiais utilizados.<br>A\u00a0<strong>Advance Embalagens<\/strong>, atuando de forma \u00e9tica e respons\u00e1vel, cumpre com todas as normas de prote\u00e7\u00e3o ambiental e desenvolve\u00a0 produtos que causam o menor impacto poss\u00edvel ao meio ambiente.<\/p>\n\n\n\n<p>Nossa preocupa\u00e7\u00e3o estende-se ao processo de aquisi\u00e7\u00e3o de materiais, pois somente compramos de fornecedores, que, como n\u00f3s, se preocupam&nbsp; em desenvolver mat\u00e9rias primas- n\u00e3o agressivas ao meio ambiente, com base em reciclados e fibras alternativas que venham de fontes inteiramente renov\u00e1veis.<\/p>\n\n\n\n<p>A \u00e1gua \u00e9 tratada pela m\u00e1quina&nbsp;<strong>esta\u00e7\u00e3o de tratamento de efluentes<\/strong>&nbsp;\u00e9 devolvida aos rios, em conformidade com os quesitos legais estabelecidos pelos \u00f3rg\u00e3os ambientais.<br>As tintas s\u00e3o at\u00f3xicas e os res\u00edduos s\u00f3lidos gerados (borra de tinta) s\u00e3o armazenados em ca\u00e7ambas apropriadas e transportado para aterro devidamente licenciado e autorizado pela&nbsp;<strong>Cetesb<\/strong>, garantindo que n\u00e3o se provoque a contamina\u00e7\u00e3o do solo.<\/p>\n","protected":false},"excerpt":{"rendered":"<p>MEIO AMBIENTE Hoje, empresas e consumidores devem se preocupar com o que est\u00e3o comprando e\u00a0 com o descarte dos materiais utilizados.A\u00a0Advance Embalagens, atuando de forma<span class=\"excerpt-fade\"><\/span><\/p>\n","protected":false},"author":1,"featured_media":0,"parent":0,"menu_order":0,"comment_status":"closed","ping_status":"closed","template":"","meta":{"footnotes":""},"class_list":["post-39","page","type-page","status-publish","hentry"],"featured_media_urls":[],"_links":{"self":[{"href":"https:\/\/www.advancembalagens.com.br\/index.php\/wp-json\/wp\/v2\/pages\/39","targetHints":{"allow":["GET"]}}],"collection":[{"href":"https:\/\/www.advancembalagens.com.br\/index.php\/wp-json\/wp\/v2\/pages"}],"about":[{"href":"https:\/\/www.advancembalagens.com.br\/index.php\/wp-json\/wp\/v2\/types\/page"}],"author":[{"embeddable":true,"href":"https:\/\/www.advancembalagens.com.br\/index.php\/wp-json\/wp\/v2\/users\/1"}],"replies":[{"embeddable":true,"href":"https:\/\/www.advancembalagens.com.br\/index.php\/wp-json\/wp\/v2\/comments?post=39"}],"version-history":[{"count":4,"href":"https:\/\/www.advancembalagens.com.br\/index.php\/wp-json\/wp\/v2\/pages\/39\/revisions"}],"predecessor-version":[{"id":936,"href":"https:\/\/www.advancembalagens.com.br\/index.php\/wp-json\/wp\/v2\/pages\/39\/revisions\/936"}],"wp:attachment":[{"href":"https:\/\/www.advancembalagens.com.br\/index.php\/wp-json\/wp\/v2\/media?parent=39"}],"curies":[{"name":"wp","href":"https:\/\/api.w.org\/{rel}","templated":true}]}}