{"id":29,"date":"2021-07-08T09:23:00","date_gmt":"2021-07-08T12:23:00","guid":{"rendered":"http:\/\/advancembalagens.com.br\/?page_id=29"},"modified":"2022-11-16T18:53:21","modified_gmt":"2022-11-16T21:53:21","slug":"logistica","status":"publish","type":"page","link":"https:\/\/www.advancembalagens.com.br\/index.php\/logistica\/","title":{"rendered":""},"content":{"rendered":"\n<p><strong><mark style=\"background-color:rgba(0, 0, 0, 0)\" class=\"has-inline-color has-accent-1-color\">LOG\u00cdSTICA<\/mark><\/strong><\/p>\n\n\n\n<p>O estruturado sistema de gerenciamento de todas as etapas de trabalho, do atendimento ao p\u00f3s-vendas, asseguram aos clientes da&nbsp;<strong>Advance Embalagens&nbsp;<\/strong>a certeza de que os produtos e servi\u00e7os&nbsp; adquiridos ser\u00e3o fornecidos dentro dos padr\u00f5es e prazos contratados.<br>Para que voc\u00ea se sinta ainda mais tranquilo quanto \u00e0 entrega, mantemos uma programa\u00e7\u00e3o focada na necessidade produtiva do cliente, al\u00e9m de manter uma nov\u00edssima&nbsp;<strong>frota pr\u00f3pria<\/strong>, com motoristas e ajudantes devidamente treinados<\/p>\n\n\n\n<p class=\"has-text-align-left\"><strong><mark style=\"background-color:rgba(0, 0, 0, 0)\" class=\"has-inline-color has-accent-1-color\">FROTA<\/mark><\/strong><\/p>\n\n\n\n<ul class=\"wp-block-list\">\n<li>ACCELO 1016 ANO 2021 &#8211; CAPACIDADE 33M\u00b3 &#8211;&nbsp; 3.300KG<\/li>\n\n\n\n<li>ATEGO 1418 ANO 2005 &#8211; CAPACIDADE 50M\u00b3- 5.000K<\/li>\n\n\n\n<li>IVECO DAILY 35S15 ANO 2016 &#8211; CAPACIDADE 17M\u00b3- 1.700KG<\/li>\n\n\n\n<li>STRADA ENDURANCE CS 1.4 ANO 2021 &#8211; CAPACIDADE 3M\u00b3 &#8211; 300KG.<\/li>\n<\/ul>\n\n\n\n<p><\/p>\n\n\n\n<div class=\"wp-block-group\"><div class=\"wp-block-group__inner-container is-layout-constrained wp-block-group-is-layout-constrained\">\n<figure class=\"wp-block-image size-full is-resized\"><img fetchpriority=\"high\" decoding=\"async\" src=\"http:\/\/advancembalagens.com.br\/wp-content\/uploads\/2022\/03\/caminhoes.jpg\" alt=\"\" class=\"wp-image-238\" width=\"861\" height=\"404\" srcset=\"https:\/\/www.advancembalagens.com.br\/wp-content\/uploads\/2022\/03\/caminhoes.jpg 1024w, https:\/\/www.advancembalagens.com.br\/wp-content\/uploads\/2022\/03\/caminhoes-300x141.jpg 300w, https:\/\/www.advancembalagens.com.br\/wp-content\/uploads\/2022\/03\/caminhoes-768x360.jpg 768w, https:\/\/www.advancembalagens.com.br\/wp-content\/uploads\/2022\/03\/caminhoes-150x70.jpg 150w\" sizes=\"(max-width: 861px) 100vw, 861px\" \/><\/figure>\n<\/div><\/div>\n","protected":false},"excerpt":{"rendered":"<p>LOG\u00cdSTICA O estruturado sistema de gerenciamento de todas as etapas de trabalho, do atendimento ao p\u00f3s-vendas, asseguram aos clientes da&nbsp;Advance Embalagens&nbsp;a certeza de que os<span class=\"excerpt-fade\"><\/span><\/p>\n","protected":false},"author":1,"featured_media":0,"parent":0,"menu_order":0,"comment_status":"closed","ping_status":"closed","template":"","meta":{"footnotes":""},"class_list":["post-29","page","type-page","status-publish","hentry"],"featured_media_urls":[],"_links":{"self":[{"href":"https:\/\/www.advancembalagens.com.br\/index.php\/wp-json\/wp\/v2\/pages\/29","targetHints":{"allow":["GET"]}}],"collection":[{"href":"https:\/\/www.advancembalagens.com.br\/index.php\/wp-json\/wp\/v2\/pages"}],"about":[{"href":"https:\/\/www.advancembalagens.com.br\/index.php\/wp-json\/wp\/v2\/types\/page"}],"author":[{"embeddable":true,"href":"https:\/\/www.advancembalagens.com.br\/index.php\/wp-json\/wp\/v2\/users\/1"}],"replies":[{"embeddable":true,"href":"https:\/\/www.advancembalagens.com.br\/index.php\/wp-json\/wp\/v2\/comments?post=29"}],"version-history":[{"count":38,"href":"https:\/\/www.advancembalagens.com.br\/index.php\/wp-json\/wp\/v2\/pages\/29\/revisions"}],"predecessor-version":[{"id":1112,"href":"https:\/\/www.advancembalagens.com.br\/index.php\/wp-json\/wp\/v2\/pages\/29\/revisions\/1112"}],"wp:attachment":[{"href":"https:\/\/www.advancembalagens.com.br\/index.php\/wp-json\/wp\/v2\/media?parent=29"}],"curies":[{"name":"wp","href":"https:\/\/api.w.org\/{rel}","templated":true}]}}