{"id":19,"date":"2021-07-08T08:11:11","date_gmt":"2021-07-08T11:11:11","guid":{"rendered":"http:\/\/advancembalagens.com.br\/?page_id=19"},"modified":"2025-02-12T17:40:23","modified_gmt":"2025-02-12T20:40:23","slug":"produtos","status":"publish","type":"page","link":"https:\/\/www.advancembalagens.com.br\/index.php\/produtos\/","title":{"rendered":""},"content":{"rendered":"\n<p><\/p>\n\n\n\n<p><br><strong><mark style=\"background-color:rgba(0, 0, 0, 0)\" class=\"has-inline-color has-accent-1-color\">NOSSOS PRODUTOS<\/mark><\/strong><br><br>Trabalhando com mat\u00e9ria prima de primeira linha, a&nbsp;<strong>Advance Embalagens<\/strong>&nbsp;oferece uma grande diversidade de produtos ao seu cliente.<br><br>Al\u00e9m de caixas de papel\u00e3o ondulado, desenvolvidas de forma customizada, fabrica tamb\u00e9m v\u00e1rios tipos e formatos de acess\u00f3rios para garantir que o produto embalado possa chegar ao seu destino com a mesma qualidade com que foi produzida. Nosso departamento de desenvolvimento de produtos \u00e9 respons\u00e1vel por elaborar para voc\u00ea&nbsp;<strong>cliente<\/strong>&nbsp;exatamente a solu\u00e7\u00e3o que atende as necessidades de sua mercadoria, otimiza\u00e7\u00e3o do custo benef\u00edcio, com embalagens que tornar\u00e3o seus produtos ainda mais competitivos.<br><\/p>\n\n\n\n<p><\/p>\n\n\n\n<p><\/p>\n","protected":false},"excerpt":{"rendered":"<p>NOSSOS PRODUTOS Trabalhando com mat\u00e9ria prima de primeira linha, a&nbsp;Advance Embalagens&nbsp;oferece uma grande diversidade de produtos ao seu cliente. Al\u00e9m de caixas de papel\u00e3o ondulado,<span class=\"excerpt-fade\"><\/span><\/p>\n","protected":false},"author":1,"featured_media":0,"parent":0,"menu_order":0,"comment_status":"closed","ping_status":"closed","template":"","meta":{"footnotes":""},"class_list":["post-19","page","type-page","status-publish","hentry"],"featured_media_urls":[],"_links":{"self":[{"href":"https:\/\/www.advancembalagens.com.br\/index.php\/wp-json\/wp\/v2\/pages\/19","targetHints":{"allow":["GET"]}}],"collection":[{"href":"https:\/\/www.advancembalagens.com.br\/index.php\/wp-json\/wp\/v2\/pages"}],"about":[{"href":"https:\/\/www.advancembalagens.com.br\/index.php\/wp-json\/wp\/v2\/types\/page"}],"author":[{"embeddable":true,"href":"https:\/\/www.advancembalagens.com.br\/index.php\/wp-json\/wp\/v2\/users\/1"}],"replies":[{"embeddable":true,"href":"https:\/\/www.advancembalagens.com.br\/index.php\/wp-json\/wp\/v2\/comments?post=19"}],"version-history":[{"count":58,"href":"https:\/\/www.advancembalagens.com.br\/index.php\/wp-json\/wp\/v2\/pages\/19\/revisions"}],"predecessor-version":[{"id":1114,"href":"https:\/\/www.advancembalagens.com.br\/index.php\/wp-json\/wp\/v2\/pages\/19\/revisions\/1114"}],"wp:attachment":[{"href":"https:\/\/www.advancembalagens.com.br\/index.php\/wp-json\/wp\/v2\/media?parent=19"}],"curies":[{"name":"wp","href":"https:\/\/api.w.org\/{rel}","templated":true}]}}